{"id":53,"date":"2026-05-07T14:26:03","date_gmt":"2026-05-07T14:26:03","guid":{"rendered":"https:\/\/esti-highschool.com\/?page_id=53"},"modified":"2026-05-07T14:38:02","modified_gmt":"2026-05-07T14:38:02","slug":"accueil","status":"publish","type":"page","link":"https:\/\/esti-highschool.com\/","title":{"rendered":"Page en construction"},"content":{"rendered":"\t\t<div data-elementor-type=\"wp-post\" data-elementor-id=\"53\" class=\"elementor elementor-53\" data-elementor-post-type=\"page\">\n\t\t\t\t<div class=\"elementor-element elementor-element-5881809 e-flex e-con-boxed e-con e-parent\" data-id=\"5881809\" data-element_type=\"container\" data-e-type=\"container\" data-settings=\"{&quot;background_background&quot;:&quot;gradient&quot;}\">\n\t\t\t\t\t<div class=\"e-con-inner\">\n\t\t\t\t<div class=\"elementor-element elementor-element-91ae85f elementor-widget__width-initial elementor-widget-mobile__width-inherit elementor-widget elementor-widget-image\" data-id=\"91ae85f\" data-element_type=\"widget\" data-e-type=\"widget\" data-widget_type=\"image.default\">\n\t\t\t\t\t\t\t\t\t\t\t\t\t\t\t<img fetchpriority=\"high\" decoding=\"async\" width=\"2500\" height=\"2500\" src=\"https:\/\/esti-highschool.com\/wp-content\/uploads\/2026\/05\/International-education.png\" class=\"attachment-full size-full wp-image-48\" alt=\"\" srcset=\"https:\/\/esti-highschool.com\/wp-content\/uploads\/2026\/05\/International-education.png 2500w, https:\/\/esti-highschool.com\/wp-content\/uploads\/2026\/05\/International-education-300x300.png 300w, https:\/\/esti-highschool.com\/wp-content\/uploads\/2026\/05\/International-education-1024x1024.png 1024w, https:\/\/esti-highschool.com\/wp-content\/uploads\/2026\/05\/International-education-150x150.png 150w, https:\/\/esti-highschool.com\/wp-content\/uploads\/2026\/05\/International-education-768x768.png 768w, https:\/\/esti-highschool.com\/wp-content\/uploads\/2026\/05\/International-education-1536x1536.png 1536w, https:\/\/esti-highschool.com\/wp-content\/uploads\/2026\/05\/International-education-2048x2048.png 2048w\" sizes=\"(max-width: 2500px) 100vw, 2500px\" \/>\t\t\t\t\t\t\t\t\t\t\t\t\t\t\t<\/div>\n\t\t<div class=\"elementor-element elementor-element-d47a12c e-con-full e-flex e-con e-child\" data-id=\"d47a12c\" data-element_type=\"container\" data-e-type=\"container\" data-settings=\"{&quot;background_background&quot;:&quot;classic&quot;}\">\n\t\t\t\t<div class=\"elementor-element elementor-element-386054a elementor-widget elementor-widget-heading\" data-id=\"386054a\" data-element_type=\"widget\" data-e-type=\"widget\" data-widget_type=\"heading.default\">\n\t\t\t\t\t<div class=\"elementor-heading-title elementor-size-default\">404<\/div>\t\t\t\t<\/div>\n\t\t\t\t<div class=\"elementor-element elementor-element-8e61088 elementor-widget elementor-widget-heading\" data-id=\"8e61088\" data-element_type=\"widget\" data-e-type=\"widget\" data-widget_type=\"heading.default\">\n\t\t\t\t\t<h4 class=\"elementor-heading-title elementor-size-default\">Site en construction<\/h4>\t\t\t\t<\/div>\n\t\t\t\t<div class=\"elementor-element elementor-element-be86a6c elementor-widget elementor-widget-heading\" data-id=\"be86a6c\" data-element_type=\"widget\" data-e-type=\"widget\" data-widget_type=\"heading.default\">\n\t\t\t\t\t<div class=\"elementor-heading-title elementor-size-default\">La page que vous recherchez n'existe plus. Veuillez retourner \u00e0 la page d'accueil du site.<\/div>\t\t\t\t<\/div>\n\t\t\t\t<div class=\"elementor-element elementor-element-8f71ca3 elementor-align-center elementor-widget elementor-widget-button\" data-id=\"8f71ca3\" data-element_type=\"widget\" data-e-type=\"widget\" data-widget_type=\"button.default\">\n\t\t\t\t\t\t\t\t\t\t<a class=\"elementor-button elementor-button-link elementor-size-sm\" href=\"https:\/\/esti-highschool.com\">\n\t\t\t\t\t\t<span class=\"elementor-button-content-wrapper\">\n\t\t\t\t\t\t<span class=\"elementor-button-icon\">\n\t\t\t\t<i aria-hidden=\"true\" class=\" las la-arrow-left\"><\/i>\t\t\t<\/span>\n\t\t\t\t\t\t\t\t\t<span class=\"elementor-button-text\">Retourner \u00e0 l'accueil<\/span>\n\t\t\t\t\t<\/span>\n\t\t\t\t\t<\/a>\n\t\t\t\t\t\t\t\t<\/div>\n\t\t\t\t<\/div>\n\t\t\t\t\t<\/div>\n\t\t\t\t<\/div>\n\t\t\t\t<\/div>\n\t\t","protected":false},"excerpt":{"rendered":"<p>404 Site en construction La page que vous recherchez n&rsquo;existe plus. Veuillez retourner \u00e0 la page d&rsquo;accueil du site. Retourner \u00e0 l&rsquo;accueil<\/p>\n","protected":false},"author":1,"featured_media":17,"parent":0,"menu_order":0,"comment_status":"closed","ping_status":"closed","template":"elementor_header_footer","meta":{"footnotes":""},"class_list":["post-53","page","type-page","status-publish","has-post-thumbnail","hentry"],"yoast_head":"<!-- This site is optimized with the Yoast SEO plugin v27.5 - https:\/\/yoast.com\/product\/yoast-seo-wordpress\/ -->\n<title>Accueil - ESTI High School - Formez vous aux m\u00e9tiers de demain<\/title>\n<meta name=\"description\" content=\"Une formation compl\u00e8te pour r\u00e9pondre aux besoins des entreprises en intelligence artificielle, data et s\u00e9curit\u00e9 num\u00e9rique.\" \/>\n<meta name=\"robots\" content=\"index, follow, max-snippet:-1, max-image-preview:large, max-video-preview:-1\" \/>\n<link rel=\"canonical\" href=\"https:\/\/esti-highschool.com\/\" \/>\n<meta property=\"og:locale\" content=\"fr_FR\" \/>\n<meta property=\"og:type\" content=\"article\" \/>\n<meta property=\"og:title\" content=\"Accueil - ESTI High School - Formez vous aux m\u00e9tiers de demain\" \/>\n<meta property=\"og:description\" content=\"Une formation compl\u00e8te pour r\u00e9pondre aux besoins des entreprises en intelligence artificielle, data et s\u00e9curit\u00e9 num\u00e9rique.\" \/>\n<meta property=\"og:url\" content=\"https:\/\/esti-highschool.com\/\" \/>\n<meta property=\"og:site_name\" content=\"ESTI High School\" \/>\n<meta property=\"article:modified_time\" content=\"2026-05-07T14:38:02+00:00\" \/>\n<meta property=\"og:image\" content=\"https:\/\/esti-highschool.com\/wp-content\/uploads\/2026\/05\/clever-teenage-students-of-college-or-highschool-looking-through-paragraph.jpg\" \/>\n\t<meta property=\"og:image:width\" content=\"1280\" \/>\n\t<meta property=\"og:image:height\" content=\"853\" \/>\n\t<meta property=\"og:image:type\" content=\"image\/jpeg\" \/>\n<meta name=\"twitter:card\" content=\"summary_large_image\" \/>\n<meta name=\"twitter:label1\" content=\"Dur\u00e9e de lecture estim\u00e9e\" \/>\n\t<meta name=\"twitter:data1\" content=\"1 minute\" \/>\n<script type=\"application\/ld+json\" class=\"yoast-schema-graph\">{\"@context\":\"https:\\\/\\\/schema.org\",\"@graph\":[{\"@type\":\"WebPage\",\"@id\":\"https:\\\/\\\/esti-highschool.com\\\/\",\"url\":\"https:\\\/\\\/esti-highschool.com\\\/\",\"name\":\"Accueil - ESTI High School - Formez vous aux m\u00e9tiers de demain\",\"isPartOf\":{\"@id\":\"https:\\\/\\\/esti-highschool.com\\\/#website\"},\"primaryImageOfPage\":{\"@id\":\"https:\\\/\\\/esti-highschool.com\\\/#primaryimage\"},\"image\":{\"@id\":\"https:\\\/\\\/esti-highschool.com\\\/#primaryimage\"},\"thumbnailUrl\":\"https:\\\/\\\/esti-highschool.com\\\/wp-content\\\/uploads\\\/2026\\\/05\\\/clever-teenage-students-of-college-or-highschool-looking-through-paragraph.jpg\",\"datePublished\":\"2026-05-07T14:26:03+00:00\",\"dateModified\":\"2026-05-07T14:38:02+00:00\",\"description\":\"Une formation compl\u00e8te pour r\u00e9pondre aux besoins des entreprises en intelligence artificielle, data et s\u00e9curit\u00e9 num\u00e9rique.\",\"breadcrumb\":{\"@id\":\"https:\\\/\\\/esti-highschool.com\\\/#breadcrumb\"},\"inLanguage\":\"fr-FR\",\"potentialAction\":[{\"@type\":\"ReadAction\",\"target\":[\"https:\\\/\\\/esti-highschool.com\\\/\"]}]},{\"@type\":\"ImageObject\",\"inLanguage\":\"fr-FR\",\"@id\":\"https:\\\/\\\/esti-highschool.com\\\/#primaryimage\",\"url\":\"https:\\\/\\\/esti-highschool.com\\\/wp-content\\\/uploads\\\/2026\\\/05\\\/clever-teenage-students-of-college-or-highschool-looking-through-paragraph.jpg\",\"contentUrl\":\"https:\\\/\\\/esti-highschool.com\\\/wp-content\\\/uploads\\\/2026\\\/05\\\/clever-teenage-students-of-college-or-highschool-looking-through-paragraph.jpg\",\"width\":1280,\"height\":853},{\"@type\":\"BreadcrumbList\",\"@id\":\"https:\\\/\\\/esti-highschool.com\\\/#breadcrumb\",\"itemListElement\":[{\"@type\":\"ListItem\",\"position\":1,\"name\":\"Accueil\",\"item\":\"https:\\\/\\\/esti-highschool.com\\\/\"},{\"@type\":\"ListItem\",\"position\":2,\"name\":\"Page en construction\"}]},{\"@type\":\"WebSite\",\"@id\":\"https:\\\/\\\/esti-highschool.com\\\/#website\",\"url\":\"https:\\\/\\\/esti-highschool.com\\\/\",\"name\":\"ESTI High School\",\"description\":\"Formez vous aux m\u00e9tiers de demain\",\"publisher\":{\"@id\":\"https:\\\/\\\/esti-highschool.com\\\/#organization\"},\"potentialAction\":[{\"@type\":\"SearchAction\",\"target\":{\"@type\":\"EntryPoint\",\"urlTemplate\":\"https:\\\/\\\/esti-highschool.com\\\/?s={search_term_string}\"},\"query-input\":{\"@type\":\"PropertyValueSpecification\",\"valueRequired\":true,\"valueName\":\"search_term_string\"}}],\"inLanguage\":\"fr-FR\"},{\"@type\":\"Organization\",\"@id\":\"https:\\\/\\\/esti-highschool.com\\\/#organization\",\"name\":\"ESTI High School\",\"url\":\"https:\\\/\\\/esti-highschool.com\\\/\",\"logo\":{\"@type\":\"ImageObject\",\"inLanguage\":\"fr-FR\",\"@id\":\"https:\\\/\\\/esti-highschool.com\\\/#\\\/schema\\\/logo\\\/image\\\/\",\"url\":\"https:\\\/\\\/esti-highschool.com\\\/wp-content\\\/uploads\\\/2026\\\/05\\\/logo-site-ELEMENTOR.png\",\"contentUrl\":\"https:\\\/\\\/esti-highschool.com\\\/wp-content\\\/uploads\\\/2026\\\/05\\\/logo-site-ELEMENTOR.png\",\"width\":1459,\"height\":417,\"caption\":\"ESTI High School\"},\"image\":{\"@id\":\"https:\\\/\\\/esti-highschool.com\\\/#\\\/schema\\\/logo\\\/image\\\/\"}}]}<\/script>\n<!-- \/ Yoast SEO plugin. -->","yoast_head_json":{"title":"Accueil - ESTI High School - Formez vous aux m\u00e9tiers de demain","description":"Une formation compl\u00e8te pour r\u00e9pondre aux besoins des entreprises en intelligence artificielle, data et s\u00e9curit\u00e9 num\u00e9rique.","robots":{"index":"index","follow":"follow","max-snippet":"max-snippet:-1","max-image-preview":"max-image-preview:large","max-video-preview":"max-video-preview:-1"},"canonical":"https:\/\/esti-highschool.com\/","og_locale":"fr_FR","og_type":"article","og_title":"Accueil - ESTI High School - Formez vous aux m\u00e9tiers de demain","og_description":"Une formation compl\u00e8te pour r\u00e9pondre aux besoins des entreprises en intelligence artificielle, data et s\u00e9curit\u00e9 num\u00e9rique.","og_url":"https:\/\/esti-highschool.com\/","og_site_name":"ESTI High School","article_modified_time":"2026-05-07T14:38:02+00:00","og_image":[{"width":1280,"height":853,"url":"https:\/\/esti-highschool.com\/wp-content\/uploads\/2026\/05\/clever-teenage-students-of-college-or-highschool-looking-through-paragraph.jpg","type":"image\/jpeg"}],"twitter_card":"summary_large_image","twitter_misc":{"Dur\u00e9e de lecture estim\u00e9e":"1 minute"},"schema":{"@context":"https:\/\/schema.org","@graph":[{"@type":"WebPage","@id":"https:\/\/esti-highschool.com\/","url":"https:\/\/esti-highschool.com\/","name":"Accueil - ESTI High School - Formez vous aux m\u00e9tiers de demain","isPartOf":{"@id":"https:\/\/esti-highschool.com\/#website"},"primaryImageOfPage":{"@id":"https:\/\/esti-highschool.com\/#primaryimage"},"image":{"@id":"https:\/\/esti-highschool.com\/#primaryimage"},"thumbnailUrl":"https:\/\/esti-highschool.com\/wp-content\/uploads\/2026\/05\/clever-teenage-students-of-college-or-highschool-looking-through-paragraph.jpg","datePublished":"2026-05-07T14:26:03+00:00","dateModified":"2026-05-07T14:38:02+00:00","description":"Une formation compl\u00e8te pour r\u00e9pondre aux besoins des entreprises en intelligence artificielle, data et s\u00e9curit\u00e9 num\u00e9rique.","breadcrumb":{"@id":"https:\/\/esti-highschool.com\/#breadcrumb"},"inLanguage":"fr-FR","potentialAction":[{"@type":"ReadAction","target":["https:\/\/esti-highschool.com\/"]}]},{"@type":"ImageObject","inLanguage":"fr-FR","@id":"https:\/\/esti-highschool.com\/#primaryimage","url":"https:\/\/esti-highschool.com\/wp-content\/uploads\/2026\/05\/clever-teenage-students-of-college-or-highschool-looking-through-paragraph.jpg","contentUrl":"https:\/\/esti-highschool.com\/wp-content\/uploads\/2026\/05\/clever-teenage-students-of-college-or-highschool-looking-through-paragraph.jpg","width":1280,"height":853},{"@type":"BreadcrumbList","@id":"https:\/\/esti-highschool.com\/#breadcrumb","itemListElement":[{"@type":"ListItem","position":1,"name":"Accueil","item":"https:\/\/esti-highschool.com\/"},{"@type":"ListItem","position":2,"name":"Page en construction"}]},{"@type":"WebSite","@id":"https:\/\/esti-highschool.com\/#website","url":"https:\/\/esti-highschool.com\/","name":"ESTI High School","description":"Formez vous aux m\u00e9tiers de demain","publisher":{"@id":"https:\/\/esti-highschool.com\/#organization"},"potentialAction":[{"@type":"SearchAction","target":{"@type":"EntryPoint","urlTemplate":"https:\/\/esti-highschool.com\/?s={search_term_string}"},"query-input":{"@type":"PropertyValueSpecification","valueRequired":true,"valueName":"search_term_string"}}],"inLanguage":"fr-FR"},{"@type":"Organization","@id":"https:\/\/esti-highschool.com\/#organization","name":"ESTI High School","url":"https:\/\/esti-highschool.com\/","logo":{"@type":"ImageObject","inLanguage":"fr-FR","@id":"https:\/\/esti-highschool.com\/#\/schema\/logo\/image\/","url":"https:\/\/esti-highschool.com\/wp-content\/uploads\/2026\/05\/logo-site-ELEMENTOR.png","contentUrl":"https:\/\/esti-highschool.com\/wp-content\/uploads\/2026\/05\/logo-site-ELEMENTOR.png","width":1459,"height":417,"caption":"ESTI High School"},"image":{"@id":"https:\/\/esti-highschool.com\/#\/schema\/logo\/image\/"}}]}},"_links":{"self":[{"href":"https:\/\/esti-highschool.com\/index.php?rest_route=\/wp\/v2\/pages\/53","targetHints":{"allow":["GET"]}}],"collection":[{"href":"https:\/\/esti-highschool.com\/index.php?rest_route=\/wp\/v2\/pages"}],"about":[{"href":"https:\/\/esti-highschool.com\/index.php?rest_route=\/wp\/v2\/types\/page"}],"author":[{"embeddable":true,"href":"https:\/\/esti-highschool.com\/index.php?rest_route=\/wp\/v2\/users\/1"}],"replies":[{"embeddable":true,"href":"https:\/\/esti-highschool.com\/index.php?rest_route=%2Fwp%2Fv2%2Fcomments&post=53"}],"version-history":[{"count":10,"href":"https:\/\/esti-highschool.com\/index.php?rest_route=\/wp\/v2\/pages\/53\/revisions"}],"predecessor-version":[{"id":77,"href":"https:\/\/esti-highschool.com\/index.php?rest_route=\/wp\/v2\/pages\/53\/revisions\/77"}],"wp:featuredmedia":[{"embeddable":true,"href":"https:\/\/esti-highschool.com\/index.php?rest_route=\/wp\/v2\/media\/17"}],"wp:attachment":[{"href":"https:\/\/esti-highschool.com\/index.php?rest_route=%2Fwp%2Fv2%2Fmedia&parent=53"}],"curies":[{"name":"wp","href":"https:\/\/api.w.org\/{rel}","templated":true}]}}